{"id":8329,"date":"2023-03-20T12:44:15","date_gmt":"2023-03-20T12:44:15","guid":{"rendered":"https:\/\/asbizempire.com\/?post_type=product&#038;p=8329"},"modified":"2023-04-24T13:47:11","modified_gmt":"2023-04-24T13:47:11","slug":"verslo-zurnalas-verslo-pradzia-nuo-svajones-iki-realybes","status":"publish","type":"product","link":"https:\/\/asbizempire.com\/lt\/product\/verslo-zurnalas-verslo-pradzia-nuo-svajones-iki-realybes\/","title":{"rendered":"Verslo \u017eurnalas &#8211; PDF knyga&#8221;VERSLO PRAD\u017dIA- NUO SVAJON\u0116S IKI REALYB\u0116S\u201c"},"content":{"rendered":"<p style=\"font-weight: 400;\">\u017durnalas skirtas naujiems ir pradedantiems verslininkams, kurie ie\u0161ko pagalbos ir patarim\u0173 savo verslo k\u016brimui. Dalinuosi savo \u017einiomis ir patirtimi, o Jus, mano mieli skaitytojai galite pasinaudoti mano patarimais ir taikyti juos savo verslo strategijoje.<\/p>\n<p style=\"font-weight: 400;\">Nepamir\u0161kite, kad kiekvienas s\u0117kmingas verslininkas prad\u0117jo nuo nulio ir suklupo daugyb\u0119 kart\u0173. Svarbiausia yra mokytis i\u0161 savo klaid\u0173 ir tobul\u0117ti. Ir mano \u017eurnalas &#8222;Verslo prad\u017eia: nuo svajon\u0117s iki realyb\u0117s&#8221; yra puikus pagalbininkas, padedantis \u012fgyti reikiam\u0173 \u017eini\u0173 ir patirties s\u0117kmingam verslo k\u016brimui.<\/p>\n<p style=\"font-weight: 400;\">U\u017esisakykite \u017eurnal\u0105 PDF formatu ir b\u016bkite patys sau mentoriais verslo k\u016brimo kelyje!<\/p>\n","protected":false},"excerpt":{"rendered":"<p style=\"font-weight: 400;\">Esate prad\u0117j\u0119s savo versl\u0105 ir susiduriate su i\u0161\u0161\u016bkiais? Ar jau\u010diate, kad reikia pagalbos ir patarim\u0173 i\u0161 patyrusio verslininko?<\/p>\n<p style=\"font-weight: 400;\">Verslo \u017eurnalas &#8222;VERSLO PRAD\u017dIA- NUO SVAJON\u0116S IKI REALYB\u0116S\u201c gali tapti j\u016bs\u0173 asmeniniu mentoriumi!<\/p>\n","protected":false},"featured_media":8331,"comment_status":"open","ping_status":"closed","template":"","meta":{"site-sidebar-layout":"default","site-content-layout":"","ast-site-content-layout":"","site-content-style":"default","site-sidebar-style":"default","ast-global-header-display":"","ast-banner-title-visibility":"","ast-main-header-display":"","ast-hfb-above-header-display":"","ast-hfb-below-header-display":"","ast-hfb-mobile-header-display":"","site-post-title":"","ast-breadcrumbs-content":"","ast-featured-img":"","footer-sml-layout":"","theme-transparent-header-meta":"","adv-header-id-meta":"","stick-header-meta":"","header-above-stick-meta":"","header-main-stick-meta":"","header-below-stick-meta":"","astra-migrate-meta-layouts":"default","ast-page-background-enabled":"default","ast-page-background-meta":{"desktop":{"background-color":"var(--ast-global-color-4)","background-image":"","background-repeat":"repeat","background-position":"center center","background-size":"auto","background-attachment":"scroll","background-type":"","background-media":"","overlay-type":"","overlay-color":"","overlay-opacity":"","overlay-gradient":""},"tablet":{"background-color":"","background-image":"","background-repeat":"repeat","background-position":"center center","background-size":"auto","background-attachment":"scroll","background-type":"","background-media":"","overlay-type":"","overlay-color":"","overlay-opacity":"","overlay-gradient":""},"mobile":{"background-color":"","background-image":"","background-repeat":"repeat","background-position":"center center","background-size":"auto","background-attachment":"scroll","background-type":"","background-media":"","overlay-type":"","overlay-color":"","overlay-opacity":"","overlay-gradient":""}},"ast-content-background-meta":{"desktop":{"background-color":"var(--ast-global-color-5)","background-image":"","background-repeat":"repeat","background-position":"center center","background-size":"auto","background-attachment":"scroll","background-type":"","background-media":"","overlay-type":"","overlay-color":"","overlay-opacity":"","overlay-gradient":""},"tablet":{"background-color":"var(--ast-global-color-5)","background-image":"","background-repeat":"repeat","background-position":"center center","background-size":"auto","background-attachment":"scroll","background-type":"","background-media":"","overlay-type":"","overlay-color":"","overlay-opacity":"","overlay-gradient":""},"mobile":{"background-color":"var(--ast-global-color-5)","background-image":"","background-repeat":"repeat","background-position":"center center","background-size":"auto","background-attachment":"scroll","background-type":"","background-media":"","overlay-type":"","overlay-color":"","overlay-opacity":"","overlay-gradient":""}}},"product_brand":[],"product_cat":[68],"product_tag":[114],"class_list":{"0":"post-8329","1":"product","2":"type-product","3":"status-publish","4":"has-post-thumbnail","6":"product_cat-books","7":"product_tag-verslo-zurnalas","8":"desktop-align-left","9":"tablet-align-left","10":"mobile-align-left","11":"ast-product-gallery-layout-horizontal-slider","12":"ast-product-gallery-with-no-image","13":"ast-product-tabs-layout-horizontal","15":"first","16":"instock","17":"downloadable","18":"virtual","19":"purchasable","20":"product-type-simple"},"aioseo_notices":[],"aioseo_head":"\n\t\t<!-- All in One SEO Pro 4.9.7 - aioseo.com -->\n\t<meta name=\"description\" content=\"Esate prad\u0117j\u0119s savo versl\u0105 ir susiduriate su i\u0161\u0161\u016bkiais? Ar jau\u010diate, kad reikia pagalbos ir patarim\u0173 i\u0161 patyrusio verslininko? Verslo \u017eurnalas &quot;VERSLO PRAD\u017dIA- NUO SVAJON\u0116S IKI REALYB\u0116S\u201c gali tapti j\u016bs\u0173 asmeniniu mentoriumi!\" \/>\n\t<meta name=\"robots\" content=\"max-image-preview:large\" \/>\n\t<link rel=\"canonical\" href=\"https:\/\/asbizempire.com\/lt\/product\/verslo-zurnalas-verslo-pradzia-nuo-svajones-iki-realybes\/\" \/>\n\t<meta name=\"generator\" content=\"All in One SEO Pro (AIOSEO) 4.9.7\" \/>\n\t\t<meta property=\"og:locale\" content=\"lt_LT\" \/>\n\t\t<meta property=\"og:site_name\" content=\"Business Solutions -\" \/>\n\t\t<meta property=\"og:type\" content=\"article\" \/>\n\t\t<meta property=\"og:title\" content=\"Verslo \u017eurnalas \u2013 PDF knyga\u201dVERSLO PRAD\u017dIA- NUO SVAJON\u0116S IKI REALYB\u0116S\u201c - Business Solutions\" \/>\n\t\t<meta property=\"og:description\" content=\"Esate prad\u0117j\u0119s savo versl\u0105 ir susiduriate su i\u0161\u0161\u016bkiais? Ar jau\u010diate, kad reikia pagalbos ir patarim\u0173 i\u0161 patyrusio verslininko? Verslo \u017eurnalas &quot;VERSLO PRAD\u017dIA- NUO SVAJON\u0116S IKI REALYB\u0116S\u201c gali tapti j\u016bs\u0173 asmeniniu mentoriumi!\" \/>\n\t\t<meta property=\"og:url\" content=\"https:\/\/asbizempire.com\/lt\/product\/verslo-zurnalas-verslo-pradzia-nuo-svajones-iki-realybes\/\" \/>\n\t\t<meta property=\"og:image\" content=\"https:\/\/asbizempire.com\/wp-content\/uploads\/2023\/03\/Phone-and-Tablet-Mockup66.jpg\" \/>\n\t\t<meta property=\"og:image:secure_url\" content=\"https:\/\/asbizempire.com\/wp-content\/uploads\/2023\/03\/Phone-and-Tablet-Mockup66.jpg\" \/>\n\t\t<meta property=\"og:image:width\" content=\"2458\" \/>\n\t\t<meta property=\"og:image:height\" content=\"1223\" \/>\n\t\t<meta property=\"article:published_time\" content=\"2023-03-20T12:44:15+00:00\" \/>\n\t\t<meta property=\"article:modified_time\" content=\"2023-04-24T13:47:11+00:00\" \/>\n\t\t<meta property=\"article:publisher\" content=\"https:\/\/www.facebook.com\/ASBizEmpire\" \/>\n\t\t<meta name=\"twitter:card\" content=\"summary_large_image\" \/>\n\t\t<meta name=\"twitter:title\" content=\"Verslo \u017eurnalas \u2013 PDF knyga\u201dVERSLO PRAD\u017dIA- NUO SVAJON\u0116S IKI REALYB\u0116S\u201c - Business Solutions\" \/>\n\t\t<meta name=\"twitter:description\" content=\"Esate prad\u0117j\u0119s savo versl\u0105 ir susiduriate su i\u0161\u0161\u016bkiais? Ar jau\u010diate, kad reikia pagalbos ir patarim\u0173 i\u0161 patyrusio verslininko? Verslo \u017eurnalas &quot;VERSLO PRAD\u017dIA- NUO SVAJON\u0116S IKI REALYB\u0116S\u201c gali tapti j\u016bs\u0173 asmeniniu mentoriumi!\" \/>\n\t\t<meta name=\"twitter:image\" content=\"https:\/\/asbizempire.com\/wp-content\/uploads\/2023\/03\/Phone-and-Tablet-Mockup66.jpg\" \/>\n\t\t<script type=\"application\/ld+json\" class=\"aioseo-schema\">\n\t\t\t{\"@context\":\"https:\\\/\\\/schema.org\",\"@graph\":[{\"@type\":\"BreadcrumbList\",\"@id\":\"https:\\\/\\\/asbizempire.com\\\/lt\\\/product\\\/verslo-zurnalas-verslo-pradzia-nuo-svajones-iki-realybes\\\/#breadcrumblist\",\"itemListElement\":[{\"@type\":\"ListItem\",\"@id\":\"https:\\\/\\\/asbizempire.com\\\/lt\\\/#listItem\",\"position\":1,\"name\":\"Home\",\"item\":\"https:\\\/\\\/asbizempire.com\\\/lt\\\/\",\"nextItem\":{\"@type\":\"ListItem\",\"@id\":\"https:\\\/\\\/asbizempire.com\\\/lt\\\/shop\\\/#listItem\",\"name\":\"Shop\"}},{\"@type\":\"ListItem\",\"@id\":\"https:\\\/\\\/asbizempire.com\\\/lt\\\/shop\\\/#listItem\",\"position\":2,\"name\":\"Shop\",\"item\":\"https:\\\/\\\/asbizempire.com\\\/lt\\\/shop\\\/\",\"nextItem\":{\"@type\":\"ListItem\",\"@id\":\"https:\\\/\\\/asbizempire.com\\\/lt\\\/product-category\\\/books\\\/#listItem\",\"name\":\"Books\"},\"previousItem\":{\"@type\":\"ListItem\",\"@id\":\"https:\\\/\\\/asbizempire.com\\\/lt\\\/#listItem\",\"name\":\"Home\"}},{\"@type\":\"ListItem\",\"@id\":\"https:\\\/\\\/asbizempire.com\\\/lt\\\/product-category\\\/books\\\/#listItem\",\"position\":3,\"name\":\"Books\",\"item\":\"https:\\\/\\\/asbizempire.com\\\/lt\\\/product-category\\\/books\\\/\",\"nextItem\":{\"@type\":\"ListItem\",\"@id\":\"https:\\\/\\\/asbizempire.com\\\/lt\\\/product\\\/verslo-zurnalas-verslo-pradzia-nuo-svajones-iki-realybes\\\/#listItem\",\"name\":\"Verslo \\u017eurnalas &#8211; PDF knyga&#8221;VERSLO PRAD\\u017dIA- NUO SVAJON\\u0116S IKI REALYB\\u0116S\\u201c\"},\"previousItem\":{\"@type\":\"ListItem\",\"@id\":\"https:\\\/\\\/asbizempire.com\\\/lt\\\/shop\\\/#listItem\",\"name\":\"Shop\"}},{\"@type\":\"ListItem\",\"@id\":\"https:\\\/\\\/asbizempire.com\\\/lt\\\/product\\\/verslo-zurnalas-verslo-pradzia-nuo-svajones-iki-realybes\\\/#listItem\",\"position\":4,\"name\":\"Verslo \\u017eurnalas &#8211; PDF knyga&#8221;VERSLO PRAD\\u017dIA- NUO SVAJON\\u0116S IKI REALYB\\u0116S\\u201c\",\"previousItem\":{\"@type\":\"ListItem\",\"@id\":\"https:\\\/\\\/asbizempire.com\\\/lt\\\/product-category\\\/books\\\/#listItem\",\"name\":\"Books\"}}]},{\"@type\":\"Organization\",\"@id\":\"https:\\\/\\\/asbizempire.com\\\/lt\\\/#organization\",\"name\":\"asbizempire.com\",\"url\":\"https:\\\/\\\/asbizempire.com\\\/lt\\\/\",\"telephone\":\"+441883818360\",\"logo\":{\"@type\":\"ImageObject\",\"url\":\"https:\\\/\\\/asbizempire.com\\\/wp-content\\\/uploads\\\/2022\\\/11\\\/logo_d.svg\",\"@id\":\"https:\\\/\\\/asbizempire.com\\\/lt\\\/product\\\/verslo-zurnalas-verslo-pradzia-nuo-svajones-iki-realybes\\\/#organizationLogo\",\"width\":986,\"height\":221},\"image\":{\"@id\":\"https:\\\/\\\/asbizempire.com\\\/lt\\\/product\\\/verslo-zurnalas-verslo-pradzia-nuo-svajones-iki-realybes\\\/#organizationLogo\"},\"sameAs\":[\"https:\\\/\\\/www.facebook.com\\\/ASBizEmpire\",\"https:\\\/\\\/www.instagram.com\\\/as_biz_empire\\\/\"]},{\"@type\":\"Product\",\"@id\":\"https:\\\/\\\/asbizempire.com\\\/lt\\\/product\\\/verslo-zurnalas-verslo-pradzia-nuo-svajones-iki-realybes\\\/#wooCommerceProduct\",\"name\":\"Verslo \\u017eurnalas - PDF knyga\\\"VERSLO PRAD\\u017dIA- NUO SVAJON\\u0116S IKI REALYB\\u0116S\\u201c\",\"description\":\"Esate prad\\u0117j\\u0119s savo versl\\u0105 ir susiduriate su i\\u0161\\u0161\\u016bkiais? Ar jau\\u010diate, kad reikia pagalbos ir patarim\\u0173 i\\u0161 patyrusio verslininko?\\r\\nVerslo \\u017eurnalas \\\"VERSLO PRAD\\u017dIA- NUO SVAJON\\u0116S IKI REALYB\\u0116S\\u201c gali tapti j\\u016bs\\u0173 asmeniniu mentoriumi!\",\"url\":\"https:\\\/\\\/asbizempire.com\\\/lt\\\/product\\\/verslo-zurnalas-verslo-pradzia-nuo-svajones-iki-realybes\\\/\",\"image\":{\"@type\":\"ImageObject\",\"url\":\"https:\\\/\\\/asbizempire.com\\\/wp-content\\\/uploads\\\/2023\\\/03\\\/Phone-and-Tablet-Mockup66.jpg\",\"@id\":\"https:\\\/\\\/asbizempire.com\\\/lt\\\/product\\\/verslo-zurnalas-verslo-pradzia-nuo-svajones-iki-realybes\\\/#productImage\",\"width\":2458,\"height\":1223},\"offers\":{\"@type\":\"Offer\",\"url\":\"https:\\\/\\\/asbizempire.com\\\/lt\\\/product\\\/verslo-zurnalas-verslo-pradzia-nuo-svajones-iki-realybes\\\/#wooCommerceOffer\",\"price\":15.99,\"priceCurrency\":\"GBP\",\"category\":\"Books\",\"availability\":\"https:\\\/\\\/schema.org\\\/InStock\",\"priceSpecification\":{\"@type\":\"PriceSpecification\",\"price\":15.99,\"priceCurrency\":\"GBP\",\"valueAddedTaxIncluded\":\"true\"},\"seller\":{\"@type\":\"Organization\",\"@id\":\"https:\\\/\\\/asbizempire.com\\\/lt\\\/#organization\"}}},{\"@type\":\"WebPage\",\"@id\":\"https:\\\/\\\/asbizempire.com\\\/lt\\\/product\\\/verslo-zurnalas-verslo-pradzia-nuo-svajones-iki-realybes\\\/#webpage\",\"url\":\"https:\\\/\\\/asbizempire.com\\\/lt\\\/product\\\/verslo-zurnalas-verslo-pradzia-nuo-svajones-iki-realybes\\\/\",\"name\":\"Verslo \\u017eurnalas \\u2013 PDF knyga\\u201dVERSLO PRAD\\u017dIA- NUO SVAJON\\u0116S IKI REALYB\\u0116S\\u201c - Business Solutions\",\"description\":\"Esate prad\\u0117j\\u0119s savo versl\\u0105 ir susiduriate su i\\u0161\\u0161\\u016bkiais? Ar jau\\u010diate, kad reikia pagalbos ir patarim\\u0173 i\\u0161 patyrusio verslininko? Verslo \\u017eurnalas \\\"VERSLO PRAD\\u017dIA- NUO SVAJON\\u0116S IKI REALYB\\u0116S\\u201c gali tapti j\\u016bs\\u0173 asmeniniu mentoriumi!\",\"inLanguage\":\"lt-LT\",\"isPartOf\":{\"@id\":\"https:\\\/\\\/asbizempire.com\\\/lt\\\/#website\"},\"breadcrumb\":{\"@id\":\"https:\\\/\\\/asbizempire.com\\\/lt\\\/product\\\/verslo-zurnalas-verslo-pradzia-nuo-svajones-iki-realybes\\\/#breadcrumblist\"},\"image\":{\"@type\":\"ImageObject\",\"url\":\"https:\\\/\\\/asbizempire.com\\\/wp-content\\\/uploads\\\/2023\\\/03\\\/Phone-and-Tablet-Mockup66.jpg\",\"@id\":\"https:\\\/\\\/asbizempire.com\\\/lt\\\/product\\\/verslo-zurnalas-verslo-pradzia-nuo-svajones-iki-realybes\\\/#mainImage\",\"width\":2458,\"height\":1223},\"primaryImageOfPage\":{\"@id\":\"https:\\\/\\\/asbizempire.com\\\/lt\\\/product\\\/verslo-zurnalas-verslo-pradzia-nuo-svajones-iki-realybes\\\/#mainImage\"},\"datePublished\":\"2023-03-20T12:44:15+00:00\",\"dateModified\":\"2023-04-24T13:47:11+01:00\"},{\"@type\":\"WebSite\",\"@id\":\"https:\\\/\\\/asbizempire.com\\\/lt\\\/#website\",\"url\":\"https:\\\/\\\/asbizempire.com\\\/lt\\\/\",\"name\":\"asbizempire.com\",\"inLanguage\":\"lt-LT\",\"publisher\":{\"@id\":\"https:\\\/\\\/asbizempire.com\\\/lt\\\/#organization\"}}]}\n\t\t<\/script>\n\t\t<!-- All in One SEO Pro -->\r\n\t\t<title>Verslo \u017eurnalas \u2013 PDF knyga\u201dVERSLO PRAD\u017dIA- NUO SVAJON\u0116S IKI REALYB\u0116S\u201c - Business Solutions<\/title>\n\n","aioseo_head_json":{"title":"Verslo \u017eurnalas \u2013 PDF knyga\u201dVERSLO PRAD\u017dIA- NUO SVAJON\u0116S IKI REALYB\u0116S\u201c - Business Solutions","description":"Esate prad\u0117j\u0119s savo versl\u0105 ir susiduriate su i\u0161\u0161\u016bkiais? Ar jau\u010diate, kad reikia pagalbos ir patarim\u0173 i\u0161 patyrusio verslininko? Verslo \u017eurnalas \"VERSLO PRAD\u017dIA- NUO SVAJON\u0116S IKI REALYB\u0116S\u201c gali tapti j\u016bs\u0173 asmeniniu mentoriumi!","canonical_url":"https:\/\/asbizempire.com\/lt\/product\/verslo-zurnalas-verslo-pradzia-nuo-svajones-iki-realybes\/","robots":"max-image-preview:large","keywords":"","webmasterTools":{"miscellaneous":""},"schema":{"@context":"https:\/\/schema.org","@graph":[{"@type":"BreadcrumbList","@id":"https:\/\/asbizempire.com\/lt\/product\/verslo-zurnalas-verslo-pradzia-nuo-svajones-iki-realybes\/#breadcrumblist","itemListElement":[{"@type":"ListItem","@id":"https:\/\/asbizempire.com\/lt\/#listItem","position":1,"name":"Home","item":"https:\/\/asbizempire.com\/lt\/","nextItem":{"@type":"ListItem","@id":"https:\/\/asbizempire.com\/lt\/shop\/#listItem","name":"Shop"}},{"@type":"ListItem","@id":"https:\/\/asbizempire.com\/lt\/shop\/#listItem","position":2,"name":"Shop","item":"https:\/\/asbizempire.com\/lt\/shop\/","nextItem":{"@type":"ListItem","@id":"https:\/\/asbizempire.com\/lt\/product-category\/books\/#listItem","name":"Books"},"previousItem":{"@type":"ListItem","@id":"https:\/\/asbizempire.com\/lt\/#listItem","name":"Home"}},{"@type":"ListItem","@id":"https:\/\/asbizempire.com\/lt\/product-category\/books\/#listItem","position":3,"name":"Books","item":"https:\/\/asbizempire.com\/lt\/product-category\/books\/","nextItem":{"@type":"ListItem","@id":"https:\/\/asbizempire.com\/lt\/product\/verslo-zurnalas-verslo-pradzia-nuo-svajones-iki-realybes\/#listItem","name":"Verslo \u017eurnalas &#8211; PDF knyga&#8221;VERSLO PRAD\u017dIA- NUO SVAJON\u0116S IKI REALYB\u0116S\u201c"},"previousItem":{"@type":"ListItem","@id":"https:\/\/asbizempire.com\/lt\/shop\/#listItem","name":"Shop"}},{"@type":"ListItem","@id":"https:\/\/asbizempire.com\/lt\/product\/verslo-zurnalas-verslo-pradzia-nuo-svajones-iki-realybes\/#listItem","position":4,"name":"Verslo \u017eurnalas &#8211; PDF knyga&#8221;VERSLO PRAD\u017dIA- NUO SVAJON\u0116S IKI REALYB\u0116S\u201c","previousItem":{"@type":"ListItem","@id":"https:\/\/asbizempire.com\/lt\/product-category\/books\/#listItem","name":"Books"}}]},{"@type":"Organization","@id":"https:\/\/asbizempire.com\/lt\/#organization","name":"asbizempire.com","url":"https:\/\/asbizempire.com\/lt\/","telephone":"+441883818360","logo":{"@type":"ImageObject","url":"https:\/\/asbizempire.com\/wp-content\/uploads\/2022\/11\/logo_d.svg","@id":"https:\/\/asbizempire.com\/lt\/product\/verslo-zurnalas-verslo-pradzia-nuo-svajones-iki-realybes\/#organizationLogo","width":986,"height":221},"image":{"@id":"https:\/\/asbizempire.com\/lt\/product\/verslo-zurnalas-verslo-pradzia-nuo-svajones-iki-realybes\/#organizationLogo"},"sameAs":["https:\/\/www.facebook.com\/ASBizEmpire","https:\/\/www.instagram.com\/as_biz_empire\/"]},{"@type":"Product","@id":"https:\/\/asbizempire.com\/lt\/product\/verslo-zurnalas-verslo-pradzia-nuo-svajones-iki-realybes\/#wooCommerceProduct","name":"Verslo \u017eurnalas - PDF knyga\"VERSLO PRAD\u017dIA- NUO SVAJON\u0116S IKI REALYB\u0116S\u201c","description":"Esate prad\u0117j\u0119s savo versl\u0105 ir susiduriate su i\u0161\u0161\u016bkiais? Ar jau\u010diate, kad reikia pagalbos ir patarim\u0173 i\u0161 patyrusio verslininko?\r\nVerslo \u017eurnalas \"VERSLO PRAD\u017dIA- NUO SVAJON\u0116S IKI REALYB\u0116S\u201c gali tapti j\u016bs\u0173 asmeniniu mentoriumi!","url":"https:\/\/asbizempire.com\/lt\/product\/verslo-zurnalas-verslo-pradzia-nuo-svajones-iki-realybes\/","image":{"@type":"ImageObject","url":"https:\/\/asbizempire.com\/wp-content\/uploads\/2023\/03\/Phone-and-Tablet-Mockup66.jpg","@id":"https:\/\/asbizempire.com\/lt\/product\/verslo-zurnalas-verslo-pradzia-nuo-svajones-iki-realybes\/#productImage","width":2458,"height":1223},"offers":{"@type":"Offer","url":"https:\/\/asbizempire.com\/lt\/product\/verslo-zurnalas-verslo-pradzia-nuo-svajones-iki-realybes\/#wooCommerceOffer","price":15.99,"priceCurrency":"GBP","category":"Books","availability":"https:\/\/schema.org\/InStock","priceSpecification":{"@type":"PriceSpecification","price":15.99,"priceCurrency":"GBP","valueAddedTaxIncluded":"true"},"seller":{"@type":"Organization","@id":"https:\/\/asbizempire.com\/lt\/#organization"}}},{"@type":"WebPage","@id":"https:\/\/asbizempire.com\/lt\/product\/verslo-zurnalas-verslo-pradzia-nuo-svajones-iki-realybes\/#webpage","url":"https:\/\/asbizempire.com\/lt\/product\/verslo-zurnalas-verslo-pradzia-nuo-svajones-iki-realybes\/","name":"Verslo \u017eurnalas \u2013 PDF knyga\u201dVERSLO PRAD\u017dIA- NUO SVAJON\u0116S IKI REALYB\u0116S\u201c - Business Solutions","description":"Esate prad\u0117j\u0119s savo versl\u0105 ir susiduriate su i\u0161\u0161\u016bkiais? Ar jau\u010diate, kad reikia pagalbos ir patarim\u0173 i\u0161 patyrusio verslininko? Verslo \u017eurnalas \"VERSLO PRAD\u017dIA- NUO SVAJON\u0116S IKI REALYB\u0116S\u201c gali tapti j\u016bs\u0173 asmeniniu mentoriumi!","inLanguage":"lt-LT","isPartOf":{"@id":"https:\/\/asbizempire.com\/lt\/#website"},"breadcrumb":{"@id":"https:\/\/asbizempire.com\/lt\/product\/verslo-zurnalas-verslo-pradzia-nuo-svajones-iki-realybes\/#breadcrumblist"},"image":{"@type":"ImageObject","url":"https:\/\/asbizempire.com\/wp-content\/uploads\/2023\/03\/Phone-and-Tablet-Mockup66.jpg","@id":"https:\/\/asbizempire.com\/lt\/product\/verslo-zurnalas-verslo-pradzia-nuo-svajones-iki-realybes\/#mainImage","width":2458,"height":1223},"primaryImageOfPage":{"@id":"https:\/\/asbizempire.com\/lt\/product\/verslo-zurnalas-verslo-pradzia-nuo-svajones-iki-realybes\/#mainImage"},"datePublished":"2023-03-20T12:44:15+00:00","dateModified":"2023-04-24T13:47:11+01:00"},{"@type":"WebSite","@id":"https:\/\/asbizempire.com\/lt\/#website","url":"https:\/\/asbizempire.com\/lt\/","name":"asbizempire.com","inLanguage":"lt-LT","publisher":{"@id":"https:\/\/asbizempire.com\/lt\/#organization"}}]},"og:locale":"lt_LT","og:site_name":"Business Solutions -","og:type":"article","og:title":"Verslo \u017eurnalas \u2013 PDF knyga\u201dVERSLO PRAD\u017dIA- NUO SVAJON\u0116S IKI REALYB\u0116S\u201c - Business Solutions","og:description":"Esate prad\u0117j\u0119s savo versl\u0105 ir susiduriate su i\u0161\u0161\u016bkiais? Ar jau\u010diate, kad reikia pagalbos ir patarim\u0173 i\u0161 patyrusio verslininko? Verslo \u017eurnalas &quot;VERSLO PRAD\u017dIA- NUO SVAJON\u0116S IKI REALYB\u0116S\u201c gali tapti j\u016bs\u0173 asmeniniu mentoriumi!","og:url":"https:\/\/asbizempire.com\/lt\/product\/verslo-zurnalas-verslo-pradzia-nuo-svajones-iki-realybes\/","og:image":"https:\/\/asbizempire.com\/wp-content\/uploads\/2023\/03\/Phone-and-Tablet-Mockup66.jpg","og:image:secure_url":"https:\/\/asbizempire.com\/wp-content\/uploads\/2023\/03\/Phone-and-Tablet-Mockup66.jpg","og:image:width":2458,"og:image:height":1223,"article:published_time":"2023-03-20T12:44:15+00:00","article:modified_time":"2023-04-24T13:47:11+00:00","article:publisher":"https:\/\/www.facebook.com\/ASBizEmpire","twitter:card":"summary_large_image","twitter:title":"Verslo \u017eurnalas \u2013 PDF knyga\u201dVERSLO PRAD\u017dIA- NUO SVAJON\u0116S IKI REALYB\u0116S\u201c - Business Solutions","twitter:description":"Esate prad\u0117j\u0119s savo versl\u0105 ir susiduriate su i\u0161\u0161\u016bkiais? Ar jau\u010diate, kad reikia pagalbos ir patarim\u0173 i\u0161 patyrusio verslininko? Verslo \u017eurnalas &quot;VERSLO PRAD\u017dIA- NUO SVAJON\u0116S IKI REALYB\u0116S\u201c gali tapti j\u016bs\u0173 asmeniniu mentoriumi!","twitter:image":"https:\/\/asbizempire.com\/wp-content\/uploads\/2023\/03\/Phone-and-Tablet-Mockup66.jpg"},"aioseo_meta_data":{"post_id":"8329","title":null,"description":null,"keywords":null,"keyphrases":null,"primary_term":null,"canonical_url":null,"og_title":null,"og_description":null,"og_object_type":"default","og_image_type":"default","og_image_url":null,"og_image_width":null,"og_image_height":null,"og_image_custom_url":null,"og_image_custom_fields":null,"og_video":null,"og_custom_url":null,"og_article_section":null,"og_article_tags":null,"twitter_use_og":false,"twitter_card":"default","twitter_image_type":"default","twitter_image_url":null,"twitter_image_custom_url":null,"twitter_image_custom_fields":null,"twitter_title":null,"twitter_description":null,"schema":{"blockGraphs":[],"customGraphs":[],"default":{"data":{"Article":[],"Course":[],"Dataset":[],"FAQPage":[],"Movie":[],"Person":[],"Product":[],"ProductReview":[],"Car":[],"Recipe":[],"Service":[],"SoftwareApplication":[],"WebPage":[]},"graphName":"","isEnabled":true},"graphs":[]},"schema_type":"default","schema_type_options":null,"pillar_content":false,"robots_default":true,"robots_noindex":false,"robots_noarchive":false,"robots_nosnippet":false,"robots_nofollow":false,"robots_noimageindex":false,"robots_noodp":false,"robots_notranslate":false,"robots_max_snippet":null,"robots_max_videopreview":null,"robots_max_imagepreview":"large","priority":null,"frequency":null,"local_seo":null,"seo_analyzer_scan_date":"2026-05-13 00:49:24","breadcrumb_settings":null,"limit_modified_date":false,"reviewed_by":null,"open_ai":null,"ai":null,"created":"2024-07-05 15:16:49","updated":"2026-05-13 00:49:24"},"aioseo_breadcrumb":"<div class=\"aioseo-breadcrumbs\"><span class=\"aioseo-breadcrumb\">\n\t<a href=\"https:\/\/asbizempire.com\/lt\/\" title=\"Home\">Home<\/a>\n<\/span><span class=\"aioseo-breadcrumb-separator\">&raquo;<\/span><span class=\"aioseo-breadcrumb\">\n\t<a href=\"https:\/\/asbizempire.com\/lt\/shop\/\" title=\"Shop\">Shop<\/a>\n<\/span><span class=\"aioseo-breadcrumb-separator\">&raquo;<\/span><span class=\"aioseo-breadcrumb\">\n\t<a href=\"https:\/\/asbizempire.com\/lt\/product-category\/books\/\" title=\"Books\">Books<\/a>\n<\/span><span class=\"aioseo-breadcrumb-separator\">&raquo;<\/span><span class=\"aioseo-breadcrumb\">\n\tVerslo \u017eurnalas \u2013 PDF knyga\u201dVERSLO PRAD\u017dIA- NUO SVAJON\u0116S IKI REALYB\u0116S\u201c\n<\/span><\/div>","aioseo_breadcrumb_json":[{"label":"Home","link":"https:\/\/asbizempire.com\/lt\/"},{"label":"Shop","link":"https:\/\/asbizempire.com\/lt\/shop\/"},{"label":"Books","link":"https:\/\/asbizempire.com\/lt\/product-category\/books\/"},{"label":"Verslo \u017eurnalas &#8211; PDF knyga&#8221;VERSLO PRAD\u017dIA- NUO SVAJON\u0116S IKI REALYB\u0116S\u201c","link":"https:\/\/asbizempire.com\/lt\/product\/verslo-zurnalas-verslo-pradzia-nuo-svajones-iki-realybes\/"}],"_links":{"self":[{"href":"https:\/\/asbizempire.com\/lt\/wp-json\/wp\/v2\/product\/8329","targetHints":{"allow":["GET"]}}],"collection":[{"href":"https:\/\/asbizempire.com\/lt\/wp-json\/wp\/v2\/product"}],"about":[{"href":"https:\/\/asbizempire.com\/lt\/wp-json\/wp\/v2\/types\/product"}],"replies":[{"embeddable":true,"href":"https:\/\/asbizempire.com\/lt\/wp-json\/wp\/v2\/comments?post=8329"}],"version-history":[{"count":6,"href":"https:\/\/asbizempire.com\/lt\/wp-json\/wp\/v2\/product\/8329\/revisions"}],"predecessor-version":[{"id":8377,"href":"https:\/\/asbizempire.com\/lt\/wp-json\/wp\/v2\/product\/8329\/revisions\/8377"}],"wp:featuredmedia":[{"embeddable":true,"href":"https:\/\/asbizempire.com\/lt\/wp-json\/wp\/v2\/media\/8331"}],"wp:attachment":[{"href":"https:\/\/asbizempire.com\/lt\/wp-json\/wp\/v2\/media?parent=8329"}],"wp:term":[{"taxonomy":"product_brand","embeddable":true,"href":"https:\/\/asbizempire.com\/lt\/wp-json\/wp\/v2\/product_brand?post=8329"},{"taxonomy":"product_cat","embeddable":true,"href":"https:\/\/asbizempire.com\/lt\/wp-json\/wp\/v2\/product_cat?post=8329"},{"taxonomy":"product_tag","embeddable":true,"href":"https:\/\/asbizempire.com\/lt\/wp-json\/wp\/v2\/product_tag?post=8329"}],"curies":[{"name":"wp","href":"https:\/\/api.w.org\/{rel}","templated":true}]}}