{"id":8408,"date":"2023-11-13T17:16:32","date_gmt":"2023-11-13T17:16:32","guid":{"rendered":"https:\/\/asbizempire.com\/?post_type=product&#038;p=8408"},"modified":"2025-05-15T20:13:30","modified_gmt":"2025-05-15T19:13:30","slug":"el-knyga-islaidos-jusu-mokesciu-draugas-ar-priesas","status":"publish","type":"product","link":"https:\/\/asbizempire.com\/lt\/product\/el-knyga-islaidos-jusu-mokesciu-draugas-ar-priesas\/","title":{"rendered":"El. knyga &#8222;I\u0161laidos: J\u016bs\u0173 mokes\u010di\u0173 draugas ar prie\u0161as?&#8221;"},"content":{"rendered":"","protected":false},"excerpt":{"rendered":"","protected":false},"featured_media":8412,"comment_status":"open","ping_status":"closed","template":"","meta":{"site-sidebar-layout":"default","site-content-layout":"","ast-site-content-layout":"default","site-content-style":"default","site-sidebar-style":"default","ast-global-header-display":"","ast-banner-title-visibility":"","ast-main-header-display":"","ast-hfb-above-header-display":"","ast-hfb-below-header-display":"","ast-hfb-mobile-header-display":"","site-post-title":"","ast-breadcrumbs-content":"","ast-featured-img":"","footer-sml-layout":"","theme-transparent-header-meta":"default","adv-header-id-meta":"","stick-header-meta":"","header-above-stick-meta":"","header-main-stick-meta":"","header-below-stick-meta":"","astra-migrate-meta-layouts":"set","ast-page-background-enabled":"default","ast-page-background-meta":{"desktop":{"background-color":"var(--ast-global-color-4)","background-image":"","background-repeat":"repeat","background-position":"center center","background-size":"auto","background-attachment":"scroll","background-type":"","background-media":"","overlay-type":"","overlay-color":"","overlay-opacity":"","overlay-gradient":""},"tablet":{"background-color":"","background-image":"","background-repeat":"repeat","background-position":"center center","background-size":"auto","background-attachment":"scroll","background-type":"","background-media":"","overlay-type":"","overlay-color":"","overlay-opacity":"","overlay-gradient":""},"mobile":{"background-color":"","background-image":"","background-repeat":"repeat","background-position":"center center","background-size":"auto","background-attachment":"scroll","background-type":"","background-media":"","overlay-type":"","overlay-color":"","overlay-opacity":"","overlay-gradient":""}},"ast-content-background-meta":{"desktop":{"background-color":"var(--ast-global-color-5)","background-image":"","background-repeat":"repeat","background-position":"center center","background-size":"auto","background-attachment":"scroll","background-type":"","background-media":"","overlay-type":"","overlay-color":"","overlay-opacity":"","overlay-gradient":""},"tablet":{"background-color":"var(--ast-global-color-5)","background-image":"","background-repeat":"repeat","background-position":"center center","background-size":"auto","background-attachment":"scroll","background-type":"","background-media":"","overlay-type":"","overlay-color":"","overlay-opacity":"","overlay-gradient":""},"mobile":{"background-color":"var(--ast-global-color-5)","background-image":"","background-repeat":"repeat","background-position":"center center","background-size":"auto","background-attachment":"scroll","background-type":"","background-media":"","overlay-type":"","overlay-color":"","overlay-opacity":"","overlay-gradient":""}}},"product_brand":[],"product_cat":[15,68],"product_tag":[],"class_list":{"0":"post-8408","1":"product","2":"type-product","3":"status-publish","4":"has-post-thumbnail","6":"product_cat-uncategorized","7":"product_cat-books","8":"desktop-align-left","9":"tablet-align-left","10":"mobile-align-left","11":"ast-product-gallery-layout-horizontal-slider","12":"ast-product-tabs-layout-horizontal","14":"first","15":"instock","16":"downloadable","17":"virtual","18":"purchasable","19":"product-type-simple"},"aioseo_notices":[],"aioseo_head":"\n\t\t<!-- All in One SEO Pro 4.9.7 - aioseo.com -->\n\t<meta name=\"robots\" content=\"max-image-preview:large\" \/>\n\t<link rel=\"canonical\" href=\"https:\/\/asbizempire.com\/lt\/product\/el-knyga-islaidos-jusu-mokesciu-draugas-ar-priesas\/\" \/>\n\t<meta name=\"generator\" content=\"All in One SEO Pro (AIOSEO) 4.9.7\" \/>\n\t\t<meta property=\"og:locale\" content=\"lt_LT\" \/>\n\t\t<meta property=\"og:site_name\" content=\"Business Solutions -\" \/>\n\t\t<meta property=\"og:type\" content=\"article\" \/>\n\t\t<meta property=\"og:title\" content=\"El. knyga \u201eI\u0161laidos: J\u016bs\u0173 mokes\u010di\u0173 draugas ar prie\u0161as?\u201d - Business Solutions\" \/>\n\t\t<meta property=\"og:url\" content=\"https:\/\/asbizempire.com\/lt\/product\/el-knyga-islaidos-jusu-mokesciu-draugas-ar-priesas\/\" \/>\n\t\t<meta property=\"og:image\" content=\"https:\/\/asbizempire.com\/wp-content\/uploads\/2023\/11\/368695159_885300963113732_3921729911111416467_n.jpg\" \/>\n\t\t<meta property=\"og:image:secure_url\" content=\"https:\/\/asbizempire.com\/wp-content\/uploads\/2023\/11\/368695159_885300963113732_3921729911111416467_n.jpg\" \/>\n\t\t<meta property=\"og:image:width\" content=\"2048\" \/>\n\t\t<meta property=\"og:image:height\" content=\"2048\" \/>\n\t\t<meta property=\"article:published_time\" content=\"2023-11-13T17:16:32+00:00\" \/>\n\t\t<meta property=\"article:modified_time\" content=\"2025-05-15T19:13:30+00:00\" \/>\n\t\t<meta property=\"article:publisher\" content=\"https:\/\/www.facebook.com\/ASBizEmpire\" \/>\n\t\t<meta name=\"twitter:card\" content=\"summary_large_image\" \/>\n\t\t<meta name=\"twitter:title\" content=\"El. knyga \u201eI\u0161laidos: J\u016bs\u0173 mokes\u010di\u0173 draugas ar prie\u0161as?\u201d - Business Solutions\" \/>\n\t\t<meta name=\"twitter:image\" content=\"https:\/\/asbizempire.com\/wp-content\/uploads\/2023\/11\/368695159_885300963113732_3921729911111416467_n.jpg\" \/>\n\t\t<script type=\"application\/ld+json\" class=\"aioseo-schema\">\n\t\t\t{\"@context\":\"https:\\\/\\\/schema.org\",\"@graph\":[{\"@type\":\"BreadcrumbList\",\"@id\":\"https:\\\/\\\/asbizempire.com\\\/lt\\\/product\\\/el-knyga-islaidos-jusu-mokesciu-draugas-ar-priesas\\\/#breadcrumblist\",\"itemListElement\":[{\"@type\":\"ListItem\",\"@id\":\"https:\\\/\\\/asbizempire.com\\\/lt\\\/#listItem\",\"position\":1,\"name\":\"Home\",\"item\":\"https:\\\/\\\/asbizempire.com\\\/lt\\\/\",\"nextItem\":{\"@type\":\"ListItem\",\"@id\":\"https:\\\/\\\/asbizempire.com\\\/lt\\\/shop\\\/#listItem\",\"name\":\"Shop\"}},{\"@type\":\"ListItem\",\"@id\":\"https:\\\/\\\/asbizempire.com\\\/lt\\\/shop\\\/#listItem\",\"position\":2,\"name\":\"Shop\",\"item\":\"https:\\\/\\\/asbizempire.com\\\/lt\\\/shop\\\/\",\"nextItem\":{\"@type\":\"ListItem\",\"@id\":\"https:\\\/\\\/asbizempire.com\\\/lt\\\/product-category\\\/uncategorized\\\/#listItem\",\"name\":\"Business journal\"},\"previousItem\":{\"@type\":\"ListItem\",\"@id\":\"https:\\\/\\\/asbizempire.com\\\/lt\\\/#listItem\",\"name\":\"Home\"}},{\"@type\":\"ListItem\",\"@id\":\"https:\\\/\\\/asbizempire.com\\\/lt\\\/product-category\\\/uncategorized\\\/#listItem\",\"position\":3,\"name\":\"Business journal\",\"item\":\"https:\\\/\\\/asbizempire.com\\\/lt\\\/product-category\\\/uncategorized\\\/\",\"nextItem\":{\"@type\":\"ListItem\",\"@id\":\"https:\\\/\\\/asbizempire.com\\\/lt\\\/product\\\/el-knyga-islaidos-jusu-mokesciu-draugas-ar-priesas\\\/#listItem\",\"name\":\"El. knyga &#8222;I\\u0161laidos: J\\u016bs\\u0173 mokes\\u010di\\u0173 draugas ar prie\\u0161as?&#8221;\"},\"previousItem\":{\"@type\":\"ListItem\",\"@id\":\"https:\\\/\\\/asbizempire.com\\\/lt\\\/shop\\\/#listItem\",\"name\":\"Shop\"}},{\"@type\":\"ListItem\",\"@id\":\"https:\\\/\\\/asbizempire.com\\\/lt\\\/product\\\/el-knyga-islaidos-jusu-mokesciu-draugas-ar-priesas\\\/#listItem\",\"position\":4,\"name\":\"El. knyga &#8222;I\\u0161laidos: J\\u016bs\\u0173 mokes\\u010di\\u0173 draugas ar prie\\u0161as?&#8221;\",\"previousItem\":{\"@type\":\"ListItem\",\"@id\":\"https:\\\/\\\/asbizempire.com\\\/lt\\\/product-category\\\/uncategorized\\\/#listItem\",\"name\":\"Business journal\"}}]},{\"@type\":\"Organization\",\"@id\":\"https:\\\/\\\/asbizempire.com\\\/lt\\\/#organization\",\"name\":\"asbizempire.com\",\"url\":\"https:\\\/\\\/asbizempire.com\\\/lt\\\/\",\"telephone\":\"+441883818360\",\"logo\":{\"@type\":\"ImageObject\",\"url\":\"https:\\\/\\\/asbizempire.com\\\/wp-content\\\/uploads\\\/2022\\\/11\\\/logo_d.svg\",\"@id\":\"https:\\\/\\\/asbizempire.com\\\/lt\\\/product\\\/el-knyga-islaidos-jusu-mokesciu-draugas-ar-priesas\\\/#organizationLogo\",\"width\":986,\"height\":221},\"image\":{\"@id\":\"https:\\\/\\\/asbizempire.com\\\/lt\\\/product\\\/el-knyga-islaidos-jusu-mokesciu-draugas-ar-priesas\\\/#organizationLogo\"},\"sameAs\":[\"https:\\\/\\\/www.facebook.com\\\/ASBizEmpire\",\"https:\\\/\\\/www.instagram.com\\\/as_biz_empire\\\/\"]},{\"@type\":\"Product\",\"@id\":\"https:\\\/\\\/asbizempire.com\\\/lt\\\/product\\\/el-knyga-islaidos-jusu-mokesciu-draugas-ar-priesas\\\/#wooCommerceProduct\",\"name\":\"El. knyga \\\"I\\u0161laidos: J\\u016bs\\u0173 mokes\\u010di\\u0173 draugas ar prie\\u0161as?\\\"\",\"url\":\"https:\\\/\\\/asbizempire.com\\\/lt\\\/product\\\/el-knyga-islaidos-jusu-mokesciu-draugas-ar-priesas\\\/\",\"image\":{\"@type\":\"ImageObject\",\"url\":\"https:\\\/\\\/asbizempire.com\\\/wp-content\\\/uploads\\\/2023\\\/11\\\/368695159_885300963113732_3921729911111416467_n.jpg\",\"@id\":\"https:\\\/\\\/asbizempire.com\\\/lt\\\/product\\\/el-knyga-islaidos-jusu-mokesciu-draugas-ar-priesas\\\/#productImage\",\"width\":2048,\"height\":2048},\"offers\":{\"@type\":\"Offer\",\"url\":\"https:\\\/\\\/asbizempire.com\\\/lt\\\/product\\\/el-knyga-islaidos-jusu-mokesciu-draugas-ar-priesas\\\/#wooCommerceOffer\",\"price\":19.99,\"priceCurrency\":\"GBP\",\"category\":\"Business journal\",\"availability\":\"https:\\\/\\\/schema.org\\\/InStock\",\"priceSpecification\":{\"@type\":\"PriceSpecification\",\"price\":19.99,\"priceCurrency\":\"GBP\",\"valueAddedTaxIncluded\":\"true\"},\"seller\":{\"@type\":\"Organization\",\"@id\":\"https:\\\/\\\/asbizempire.com\\\/lt\\\/#organization\"}}},{\"@type\":\"WebPage\",\"@id\":\"https:\\\/\\\/asbizempire.com\\\/lt\\\/product\\\/el-knyga-islaidos-jusu-mokesciu-draugas-ar-priesas\\\/#webpage\",\"url\":\"https:\\\/\\\/asbizempire.com\\\/lt\\\/product\\\/el-knyga-islaidos-jusu-mokesciu-draugas-ar-priesas\\\/\",\"name\":\"El. knyga \\u201eI\\u0161laidos: J\\u016bs\\u0173 mokes\\u010di\\u0173 draugas ar prie\\u0161as?\\u201d - Business Solutions\",\"inLanguage\":\"lt-LT\",\"isPartOf\":{\"@id\":\"https:\\\/\\\/asbizempire.com\\\/lt\\\/#website\"},\"breadcrumb\":{\"@id\":\"https:\\\/\\\/asbizempire.com\\\/lt\\\/product\\\/el-knyga-islaidos-jusu-mokesciu-draugas-ar-priesas\\\/#breadcrumblist\"},\"image\":{\"@type\":\"ImageObject\",\"url\":\"https:\\\/\\\/asbizempire.com\\\/wp-content\\\/uploads\\\/2023\\\/11\\\/368695159_885300963113732_3921729911111416467_n.jpg\",\"@id\":\"https:\\\/\\\/asbizempire.com\\\/lt\\\/product\\\/el-knyga-islaidos-jusu-mokesciu-draugas-ar-priesas\\\/#mainImage\",\"width\":2048,\"height\":2048},\"primaryImageOfPage\":{\"@id\":\"https:\\\/\\\/asbizempire.com\\\/lt\\\/product\\\/el-knyga-islaidos-jusu-mokesciu-draugas-ar-priesas\\\/#mainImage\"},\"datePublished\":\"2023-11-13T17:16:32+00:00\",\"dateModified\":\"2025-05-15T20:13:30+01:00\"},{\"@type\":\"WebSite\",\"@id\":\"https:\\\/\\\/asbizempire.com\\\/lt\\\/#website\",\"url\":\"https:\\\/\\\/asbizempire.com\\\/lt\\\/\",\"name\":\"asbizempire.com\",\"inLanguage\":\"lt-LT\",\"publisher\":{\"@id\":\"https:\\\/\\\/asbizempire.com\\\/lt\\\/#organization\"}}]}\n\t\t<\/script>\n\t\t<!-- All in One SEO Pro -->\r\n\t\t<title>El. knyga \u201eI\u0161laidos: J\u016bs\u0173 mokes\u010di\u0173 draugas ar prie\u0161as?\u201d - Business Solutions<\/title>\n\n","aioseo_head_json":{"title":"El. knyga \u201eI\u0161laidos: J\u016bs\u0173 mokes\u010di\u0173 draugas ar prie\u0161as?\u201d - Business Solutions","description":"","canonical_url":"https:\/\/asbizempire.com\/lt\/product\/el-knyga-islaidos-jusu-mokesciu-draugas-ar-priesas\/","robots":"max-image-preview:large","keywords":"","webmasterTools":{"miscellaneous":""},"schema":{"@context":"https:\/\/schema.org","@graph":[{"@type":"BreadcrumbList","@id":"https:\/\/asbizempire.com\/lt\/product\/el-knyga-islaidos-jusu-mokesciu-draugas-ar-priesas\/#breadcrumblist","itemListElement":[{"@type":"ListItem","@id":"https:\/\/asbizempire.com\/lt\/#listItem","position":1,"name":"Home","item":"https:\/\/asbizempire.com\/lt\/","nextItem":{"@type":"ListItem","@id":"https:\/\/asbizempire.com\/lt\/shop\/#listItem","name":"Shop"}},{"@type":"ListItem","@id":"https:\/\/asbizempire.com\/lt\/shop\/#listItem","position":2,"name":"Shop","item":"https:\/\/asbizempire.com\/lt\/shop\/","nextItem":{"@type":"ListItem","@id":"https:\/\/asbizempire.com\/lt\/product-category\/uncategorized\/#listItem","name":"Business journal"},"previousItem":{"@type":"ListItem","@id":"https:\/\/asbizempire.com\/lt\/#listItem","name":"Home"}},{"@type":"ListItem","@id":"https:\/\/asbizempire.com\/lt\/product-category\/uncategorized\/#listItem","position":3,"name":"Business journal","item":"https:\/\/asbizempire.com\/lt\/product-category\/uncategorized\/","nextItem":{"@type":"ListItem","@id":"https:\/\/asbizempire.com\/lt\/product\/el-knyga-islaidos-jusu-mokesciu-draugas-ar-priesas\/#listItem","name":"El. knyga &#8222;I\u0161laidos: J\u016bs\u0173 mokes\u010di\u0173 draugas ar prie\u0161as?&#8221;"},"previousItem":{"@type":"ListItem","@id":"https:\/\/asbizempire.com\/lt\/shop\/#listItem","name":"Shop"}},{"@type":"ListItem","@id":"https:\/\/asbizempire.com\/lt\/product\/el-knyga-islaidos-jusu-mokesciu-draugas-ar-priesas\/#listItem","position":4,"name":"El. knyga &#8222;I\u0161laidos: J\u016bs\u0173 mokes\u010di\u0173 draugas ar prie\u0161as?&#8221;","previousItem":{"@type":"ListItem","@id":"https:\/\/asbizempire.com\/lt\/product-category\/uncategorized\/#listItem","name":"Business journal"}}]},{"@type":"Organization","@id":"https:\/\/asbizempire.com\/lt\/#organization","name":"asbizempire.com","url":"https:\/\/asbizempire.com\/lt\/","telephone":"+441883818360","logo":{"@type":"ImageObject","url":"https:\/\/asbizempire.com\/wp-content\/uploads\/2022\/11\/logo_d.svg","@id":"https:\/\/asbizempire.com\/lt\/product\/el-knyga-islaidos-jusu-mokesciu-draugas-ar-priesas\/#organizationLogo","width":986,"height":221},"image":{"@id":"https:\/\/asbizempire.com\/lt\/product\/el-knyga-islaidos-jusu-mokesciu-draugas-ar-priesas\/#organizationLogo"},"sameAs":["https:\/\/www.facebook.com\/ASBizEmpire","https:\/\/www.instagram.com\/as_biz_empire\/"]},{"@type":"Product","@id":"https:\/\/asbizempire.com\/lt\/product\/el-knyga-islaidos-jusu-mokesciu-draugas-ar-priesas\/#wooCommerceProduct","name":"El. knyga \"I\u0161laidos: J\u016bs\u0173 mokes\u010di\u0173 draugas ar prie\u0161as?\"","url":"https:\/\/asbizempire.com\/lt\/product\/el-knyga-islaidos-jusu-mokesciu-draugas-ar-priesas\/","image":{"@type":"ImageObject","url":"https:\/\/asbizempire.com\/wp-content\/uploads\/2023\/11\/368695159_885300963113732_3921729911111416467_n.jpg","@id":"https:\/\/asbizempire.com\/lt\/product\/el-knyga-islaidos-jusu-mokesciu-draugas-ar-priesas\/#productImage","width":2048,"height":2048},"offers":{"@type":"Offer","url":"https:\/\/asbizempire.com\/lt\/product\/el-knyga-islaidos-jusu-mokesciu-draugas-ar-priesas\/#wooCommerceOffer","price":19.99,"priceCurrency":"GBP","category":"Business journal","availability":"https:\/\/schema.org\/InStock","priceSpecification":{"@type":"PriceSpecification","price":19.99,"priceCurrency":"GBP","valueAddedTaxIncluded":"true"},"seller":{"@type":"Organization","@id":"https:\/\/asbizempire.com\/lt\/#organization"}}},{"@type":"WebPage","@id":"https:\/\/asbizempire.com\/lt\/product\/el-knyga-islaidos-jusu-mokesciu-draugas-ar-priesas\/#webpage","url":"https:\/\/asbizempire.com\/lt\/product\/el-knyga-islaidos-jusu-mokesciu-draugas-ar-priesas\/","name":"El. knyga \u201eI\u0161laidos: J\u016bs\u0173 mokes\u010di\u0173 draugas ar prie\u0161as?\u201d - Business Solutions","inLanguage":"lt-LT","isPartOf":{"@id":"https:\/\/asbizempire.com\/lt\/#website"},"breadcrumb":{"@id":"https:\/\/asbizempire.com\/lt\/product\/el-knyga-islaidos-jusu-mokesciu-draugas-ar-priesas\/#breadcrumblist"},"image":{"@type":"ImageObject","url":"https:\/\/asbizempire.com\/wp-content\/uploads\/2023\/11\/368695159_885300963113732_3921729911111416467_n.jpg","@id":"https:\/\/asbizempire.com\/lt\/product\/el-knyga-islaidos-jusu-mokesciu-draugas-ar-priesas\/#mainImage","width":2048,"height":2048},"primaryImageOfPage":{"@id":"https:\/\/asbizempire.com\/lt\/product\/el-knyga-islaidos-jusu-mokesciu-draugas-ar-priesas\/#mainImage"},"datePublished":"2023-11-13T17:16:32+00:00","dateModified":"2025-05-15T20:13:30+01:00"},{"@type":"WebSite","@id":"https:\/\/asbizempire.com\/lt\/#website","url":"https:\/\/asbizempire.com\/lt\/","name":"asbizempire.com","inLanguage":"lt-LT","publisher":{"@id":"https:\/\/asbizempire.com\/lt\/#organization"}}]},"og:locale":"lt_LT","og:site_name":"Business Solutions -","og:type":"article","og:title":"El. knyga \u201eI\u0161laidos: J\u016bs\u0173 mokes\u010di\u0173 draugas ar prie\u0161as?\u201d - Business Solutions","og:url":"https:\/\/asbizempire.com\/lt\/product\/el-knyga-islaidos-jusu-mokesciu-draugas-ar-priesas\/","og:image":"https:\/\/asbizempire.com\/wp-content\/uploads\/2023\/11\/368695159_885300963113732_3921729911111416467_n.jpg","og:image:secure_url":"https:\/\/asbizempire.com\/wp-content\/uploads\/2023\/11\/368695159_885300963113732_3921729911111416467_n.jpg","og:image:width":2048,"og:image:height":2048,"article:published_time":"2023-11-13T17:16:32+00:00","article:modified_time":"2025-05-15T19:13:30+00:00","article:publisher":"https:\/\/www.facebook.com\/ASBizEmpire","twitter:card":"summary_large_image","twitter:title":"El. knyga \u201eI\u0161laidos: J\u016bs\u0173 mokes\u010di\u0173 draugas ar prie\u0161as?\u201d - Business Solutions","twitter:image":"https:\/\/asbizempire.com\/wp-content\/uploads\/2023\/11\/368695159_885300963113732_3921729911111416467_n.jpg"},"aioseo_meta_data":{"post_id":"8408","title":null,"description":null,"keywords":null,"keyphrases":{"focus":{"keyphrase":"","score":0,"analysis":{"keyphraseInTitle":{"score":0,"maxScore":9,"error":1}}},"additional":[]},"primary_term":null,"canonical_url":null,"og_title":null,"og_description":null,"og_object_type":"default","og_image_type":"default","og_image_url":null,"og_image_width":null,"og_image_height":null,"og_image_custom_url":null,"og_image_custom_fields":null,"og_video":"","og_custom_url":null,"og_article_section":null,"og_article_tags":null,"twitter_use_og":false,"twitter_card":"default","twitter_image_type":"default","twitter_image_url":null,"twitter_image_custom_url":null,"twitter_image_custom_fields":null,"twitter_title":null,"twitter_description":null,"schema":{"blockGraphs":[],"customGraphs":[],"default":{"data":{"Article":[],"Course":[],"Dataset":[],"FAQPage":[],"Movie":[],"Person":[],"Product":[],"ProductReview":[],"Car":[],"Recipe":[],"Service":[],"SoftwareApplication":[],"WebPage":[]},"graphName":"Product","isEnabled":true},"graphs":[]},"schema_type":"default","schema_type_options":null,"pillar_content":false,"robots_default":true,"robots_noindex":false,"robots_noarchive":false,"robots_nosnippet":false,"robots_nofollow":false,"robots_noimageindex":false,"robots_noodp":false,"robots_notranslate":false,"robots_max_snippet":"-1","robots_max_videopreview":"-1","robots_max_imagepreview":"large","priority":null,"frequency":"default","local_seo":null,"seo_analyzer_scan_date":"2026-05-13 00:49:27","breadcrumb_settings":null,"limit_modified_date":false,"reviewed_by":null,"open_ai":"{\"title\":{\"suggestions\":[],\"usage\":0},\"description\":{\"suggestions\":[],\"usage\":0}}","ai":null,"created":"2024-07-05 15:16:49","updated":"2026-05-13 00:49:27"},"aioseo_breadcrumb":"<div class=\"aioseo-breadcrumbs\"><span class=\"aioseo-breadcrumb\">\n\t<a href=\"https:\/\/asbizempire.com\/lt\/\" title=\"Home\">Home<\/a>\n<\/span><span class=\"aioseo-breadcrumb-separator\">&raquo;<\/span><span class=\"aioseo-breadcrumb\">\n\t<a href=\"https:\/\/asbizempire.com\/lt\/shop\/\" title=\"Shop\">Shop<\/a>\n<\/span><span class=\"aioseo-breadcrumb-separator\">&raquo;<\/span><span class=\"aioseo-breadcrumb\">\n\t<a href=\"https:\/\/asbizempire.com\/lt\/product-category\/uncategorized\/\" title=\"Business journal\">Business journal<\/a>\n<\/span><span class=\"aioseo-breadcrumb-separator\">&raquo;<\/span><span class=\"aioseo-breadcrumb\">\n\tEl. knyga \u201eI\u0161laidos: J\u016bs\u0173 mokes\u010di\u0173 draugas ar prie\u0161as?\u201d\n<\/span><\/div>","aioseo_breadcrumb_json":[{"label":"Home","link":"https:\/\/asbizempire.com\/lt\/"},{"label":"Shop","link":"https:\/\/asbizempire.com\/lt\/shop\/"},{"label":"Business journal","link":"https:\/\/asbizempire.com\/lt\/product-category\/uncategorized\/"},{"label":"El. knyga &#8222;I\u0161laidos: J\u016bs\u0173 mokes\u010di\u0173 draugas ar prie\u0161as?&#8221;","link":"https:\/\/asbizempire.com\/lt\/product\/el-knyga-islaidos-jusu-mokesciu-draugas-ar-priesas\/"}],"_links":{"self":[{"href":"https:\/\/asbizempire.com\/lt\/wp-json\/wp\/v2\/product\/8408","targetHints":{"allow":["GET"]}}],"collection":[{"href":"https:\/\/asbizempire.com\/lt\/wp-json\/wp\/v2\/product"}],"about":[{"href":"https:\/\/asbizempire.com\/lt\/wp-json\/wp\/v2\/types\/product"}],"replies":[{"embeddable":true,"href":"https:\/\/asbizempire.com\/lt\/wp-json\/wp\/v2\/comments?post=8408"}],"version-history":[{"count":1,"href":"https:\/\/asbizempire.com\/lt\/wp-json\/wp\/v2\/product\/8408\/revisions"}],"predecessor-version":[{"id":8415,"href":"https:\/\/asbizempire.com\/lt\/wp-json\/wp\/v2\/product\/8408\/revisions\/8415"}],"wp:featuredmedia":[{"embeddable":true,"href":"https:\/\/asbizempire.com\/lt\/wp-json\/wp\/v2\/media\/8412"}],"wp:attachment":[{"href":"https:\/\/asbizempire.com\/lt\/wp-json\/wp\/v2\/media?parent=8408"}],"wp:term":[{"taxonomy":"product_brand","embeddable":true,"href":"https:\/\/asbizempire.com\/lt\/wp-json\/wp\/v2\/product_brand?post=8408"},{"taxonomy":"product_cat","embeddable":true,"href":"https:\/\/asbizempire.com\/lt\/wp-json\/wp\/v2\/product_cat?post=8408"},{"taxonomy":"product_tag","embeddable":true,"href":"https:\/\/asbizempire.com\/lt\/wp-json\/wp\/v2\/product_tag?post=8408"}],"curies":[{"name":"wp","href":"https:\/\/api.w.org\/{rel}","templated":true}]}}